{"id":1342,"date":"2022-02-25T12:10:41","date_gmt":"2022-02-25T11:10:41","guid":{"rendered":"https:\/\/druckgraphik-atelier.de\/about-us\/"},"modified":"2025-09-03T14:31:09","modified_gmt":"2025-09-03T12:31:09","slug":"about-us","status":"publish","type":"page","link":"https:\/\/druckgraphik-atelier.de\/en\/about-us\/","title":{"rendered":"About us \u2022 Contact"},"content":{"rendered":"\n<h3 class=\"wp-block-heading\">Studio managers<\/h3>\n\n\n\n<figure class=\"wp-block-image size-large\"><img loading=\"lazy\" decoding=\"async\" width=\"1024\" height=\"576\" src=\"https:\/\/druckgraphik-atelier.de\/wp-content\/uploads\/2022\/11\/portrait-albi-mila-1024x576.jpg\" alt=\"\" class=\"wp-image-722\" srcset=\"https:\/\/druckgraphik-atelier.de\/wp-content\/uploads\/2022\/11\/portrait-albi-mila-1024x576.jpg 1024w, https:\/\/druckgraphik-atelier.de\/wp-content\/uploads\/2022\/11\/portrait-albi-mila-300x169.jpg 300w, https:\/\/druckgraphik-atelier.de\/wp-content\/uploads\/2022\/11\/portrait-albi-mila-768x432.jpg 768w, https:\/\/druckgraphik-atelier.de\/wp-content\/uploads\/2022\/11\/portrait-albi-mila-1536x864.jpg 1536w, https:\/\/druckgraphik-atelier.de\/wp-content\/uploads\/2022\/11\/portrait-albi-mila-2048x1152.jpg 2048w\" sizes=\"auto, (max-width: 1024px) 100vw, 1024px\" \/><\/figure>\n\n\n\n<p>Mila Heberlein and Alberto Gobber have been running the printmaking studio since 2022. They have both been involved in design in print as well as online for over 15 years. Under the name <a href=\"https:\/\/dga.world\" target=\"_blank\" rel=\"noreferrer noopener\">DGA &#8211; Design for Changemakers<\/a> they lead a design agency that works in branding, editorial, illustration and infographics, as well as UI and UX. Since November 2022, they have been teaching several courses at the <a href=\"https:\/\/www.srh-berlin.de\/bachelor\/studium-fotografie-berlin\/\" target=\"_blank\" rel=\"noreferrer noopener\">SRH Berlin University of Applied Sciences<\/a>.<\/p>\n\n\n\n<hr class=\"wp-block-separator has-alpha-channel-opacity\"\/>\n\n\n\n<p>The printmaking studio is run by Mila Heberlein and Alberto Gobber.<\/p>\n\n\n\n<p><strong>DGA Design Gobber Albrecht GmbH<br><\/strong>Druckgraphik Atelier<br>Dietrich-Bonhoeffer-Str. 3<br>10407 Berlin<\/p>\n\n\n\n<p>Courses . Workshops . Exhibitions . Graphic design .<\/p>\n\n\n\n<p>Link to <a href=\"https:\/\/goo.gl\/maps\/jEMuvPXgrqZ76ktVA\" data-type=\"link\" data-id=\"https:\/\/goo.gl\/maps\/jEMuvPXgrqZ76ktVA\" target=\"_blank\" rel=\"noreferrer noopener\">Google Maps<\/a><\/p>\n\n\n\n<hr class=\"wp-block-separator has-css-opacity\"\/>\n\n\n\n<p><strong>Opening hours<\/strong><br>Mon.\u2014Fri. 9:00 a.m.\u20145:00 p.m.<br>and by arrangement<\/p>\n\n\n\n<p><strong>Phone<\/strong><br>Alberto Gobber <a href=\"tel:49017643446164\">+49(0)176 434 461 64<\/a><br>Mila Christina Heberlein <a href=\"tel:49017659630012\">+49(0)176 596 300 12<\/a><\/p>\n\n\n\n<p><strong>Email<br><\/strong>info [at] druckgraphik-atelier.de<\/p>\n\n\n\n<p><strong>Directions<br><\/strong>The printmaking studio is wheelchair accessible, located on the ground floor and has a separate entrance with sliding doors and no steps. <\/p>\n\n\n\n<p><em>By car<\/em> Dietrich-Bonhoeffer-Stra\u00dfe 3 can be reached from Greifswalder Strasse heading out of town as well as from B\u00f6tzowstrasse. Environmental badge required. Attention: Parking spaces are scarce and parking zone 44 applies Monday to Saturday for a fee !<\/p>\n\n\n\n<p><em>By public transport<\/em>: The tram stops &#8220;Greifswalder Stra\u00dfe\/Danziger Stra\u00dfe&#8221; of tram line M4 (Hackescher Markt\/Alexanderplatz &#8211; Hohensch\u00f6nhausen, via S-Bhf. Greifswalder Stra\u00dfe) and tram line M10 (Warschauer Stra\u00dfe &#8211; Nordbahnhof) are about 50 to 70 m away.<\/p>\n\n\n\n<p><em>By foot<\/em>: Dietrich-Bonhoeffer-Stra\u00dfe 3 is also within walking distance of the Greifswalder Stra\u00dfe S-Bahn station, which is about 10 minutes away (about 1 km).<\/p>\n","protected":false},"excerpt":{"rendered":"<p>Studio managers Mila Heberlein and Alberto Gobber have been running the printmaking studio since 2022. They have both been involved in design in print as well as online for over 15 years. Under the name DGA &#8211; Design for Changemakers they lead a design agency that works in branding, editorial, illustration and infographics, as well [&hellip;]<\/p>\n","protected":false},"author":1,"featured_media":0,"parent":0,"menu_order":0,"comment_status":"closed","ping_status":"closed","template":"","meta":{"footnotes":""},"class_list":["post-1342","page","type-page","status-publish","hentry"],"_links":{"self":[{"href":"https:\/\/druckgraphik-atelier.de\/en\/wp-json\/wp\/v2\/pages\/1342","targetHints":{"allow":["GET"]}}],"collection":[{"href":"https:\/\/druckgraphik-atelier.de\/en\/wp-json\/wp\/v2\/pages"}],"about":[{"href":"https:\/\/druckgraphik-atelier.de\/en\/wp-json\/wp\/v2\/types\/page"}],"author":[{"embeddable":true,"href":"https:\/\/druckgraphik-atelier.de\/en\/wp-json\/wp\/v2\/users\/1"}],"replies":[{"embeddable":true,"href":"https:\/\/druckgraphik-atelier.de\/en\/wp-json\/wp\/v2\/comments?post=1342"}],"version-history":[{"count":7,"href":"https:\/\/druckgraphik-atelier.de\/en\/wp-json\/wp\/v2\/pages\/1342\/revisions"}],"predecessor-version":[{"id":3624,"href":"https:\/\/druckgraphik-atelier.de\/en\/wp-json\/wp\/v2\/pages\/1342\/revisions\/3624"}],"wp:attachment":[{"href":"https:\/\/druckgraphik-atelier.de\/en\/wp-json\/wp\/v2\/media?parent=1342"}],"curies":[{"name":"wp","href":"https:\/\/api.w.org\/{rel}","templated":true}]}}