{"id":3450,"date":"2025-01-23T09:01:38","date_gmt":"2025-01-23T08:01:38","guid":{"rendered":"https:\/\/druckgraphik-atelier.de\/?page_id=3450"},"modified":"2025-03-26T18:15:27","modified_gmt":"2025-03-26T17:15:27","slug":"lithography","status":"publish","type":"page","link":"https:\/\/druckgraphik-atelier.de\/en\/printmaking-techniques\/lithography\/","title":{"rendered":"Lithography"},"content":{"rendered":"\n<figure class=\"wp-block-video\"><video height=\"1080\" style=\"aspect-ratio: 1920 \/ 1080;\" width=\"1920\" controls poster=\"https:\/\/druckgraphik-atelier.de\/wp-content\/uploads\/2025\/02\/TItel-technik_litho-1.png\" src=\"https:\/\/druckgraphik-atelier.de\/wp-content\/uploads\/2025\/02\/DGA_Video_Litho-intro-outro_250221.mp4\"><\/video><\/figure>\n\n\n\n<h1 class=\"wp-block-heading\">Lithography<\/h1>\n\n\n\n<p>Planographic printing refers to artistic techniques such as lithography, algraphy, zincography (on aluminum or zinc plates), grano, collotype and offset printing. Printing and non-printing elements are at the same height: the principle of this printing process is based on the contrast between fat and water.<\/p>\n\n\n\n<figure class=\"wp-block-image size-large\"><img loading=\"lazy\" decoding=\"async\" width=\"1024\" height=\"512\" src=\"https:\/\/druckgraphik-atelier.de\/wp-content\/uploads\/2025\/01\/Litho_hero-image-1024x512.png\" alt=\"Printing and non-printing elements are at the same height.\" class=\"wp-image-3023\" srcset=\"https:\/\/druckgraphik-atelier.de\/wp-content\/uploads\/2025\/01\/Litho_hero-image-1024x512.png 1024w, https:\/\/druckgraphik-atelier.de\/wp-content\/uploads\/2025\/01\/Litho_hero-image-300x150.png 300w, https:\/\/druckgraphik-atelier.de\/wp-content\/uploads\/2025\/01\/Litho_hero-image-768x384.png 768w, https:\/\/druckgraphik-atelier.de\/wp-content\/uploads\/2025\/01\/Litho_hero-image.png 1201w\" sizes=\"auto, (max-width: 1024px) 100vw, 1024px\" \/><figcaption class=\"wp-element-caption\">Printing and non-printing elements are at the same height.<\/figcaption><\/figure>\n\n\n\n<p>Stones ranging in size from 13 \u00d7 16 cm to 43 \u00d7 62 cm are available in the studio. The preparatory grinding must be carried out manually. Other tools as well as various lithographic inks and chalks are available. Printing is done on a stone rubbing press made by Erasmus Sutter in 1839 with a carriage format of 83 \u00d7 108 cm.<\/p>\n\n\n\n<figure class=\"wp-block-image size-large\"><img loading=\"lazy\" decoding=\"async\" width=\"2560\" height=\"1707\" src=\"https:\/\/druckgraphik-atelier.de\/wp-content\/uploads\/2025\/02\/IMG_20210320_133257-edited-scaled.jpg\" alt=\"A view into our studio with a focus on the stone rubbing press\" class=\"wp-image-3310\" srcset=\"https:\/\/druckgraphik-atelier.de\/wp-content\/uploads\/2025\/02\/IMG_20210320_133257-edited-scaled.jpg 2560w, https:\/\/druckgraphik-atelier.de\/wp-content\/uploads\/2025\/02\/IMG_20210320_133257-edited-300x200.jpg 300w, https:\/\/druckgraphik-atelier.de\/wp-content\/uploads\/2025\/02\/IMG_20210320_133257-edited-1024x683.jpg 1024w, https:\/\/druckgraphik-atelier.de\/wp-content\/uploads\/2025\/02\/IMG_20210320_133257-edited-768x512.jpg 768w, https:\/\/druckgraphik-atelier.de\/wp-content\/uploads\/2025\/02\/IMG_20210320_133257-edited-1536x1024.jpg 1536w, https:\/\/druckgraphik-atelier.de\/wp-content\/uploads\/2025\/02\/IMG_20210320_133257-edited-2048x1366.jpg 2048w\" sizes=\"auto, (max-width: 2560px) 100vw, 2560px\" \/><figcaption class=\"wp-element-caption\">Our stone rubbing press<\/figcaption><\/figure>\n\n\n\n<hr class=\"wp-block-separator has-alpha-channel-opacity\"\/>\n\n\n\n<h2 class=\"wp-block-heading\">Explanation<\/h2>\n\n\n\n<p>Lithography (lithos = \u00bbstone\u00ab and graphein = \u00bbto write\u00ab) is the basic and most widespread type of planographic printing in the graphic arts. It is a beautiful and at the same time simple technique, which is closest to drawing on paper and faithfully captures the character of the artist&#8217;s handwriting.<\/p>\n\n\n\n<figure class=\"wp-block-image size-large\"><img loading=\"lazy\" decoding=\"async\" width=\"1024\" height=\"684\" src=\"https:\/\/druckgraphik-atelier.de\/wp-content\/uploads\/2025\/02\/220308_frauentag_konzert_mita-3-1024x684.jpg\" alt=\"Alberto stands at the table with gum arabic and other lithographic tools\" class=\"wp-image-3294\" srcset=\"https:\/\/druckgraphik-atelier.de\/wp-content\/uploads\/2025\/02\/220308_frauentag_konzert_mita-3-1024x684.jpg 1024w, https:\/\/druckgraphik-atelier.de\/wp-content\/uploads\/2025\/02\/220308_frauentag_konzert_mita-3-300x200.jpg 300w, https:\/\/druckgraphik-atelier.de\/wp-content\/uploads\/2025\/02\/220308_frauentag_konzert_mita-3-768x513.jpg 768w, https:\/\/druckgraphik-atelier.de\/wp-content\/uploads\/2025\/02\/220308_frauentag_konzert_mita-3.jpg 1200w\" sizes=\"auto, (max-width: 1024px) 100vw, 1024px\" \/><figcaption class=\"wp-element-caption\">Alberto stands at the table with gum arabic and other lithographic tools<\/figcaption><\/figure>\n\n\n\n<p>The principle of lithography is based on the contrast between fat and water \u2013 fat and water repel each other. The image to be printed is applied to the prepared stone with a fatty material. The stone is etched with a solution of gum arabic, water and nitric acid (chemical preparations) so that non-printing areas hold the water better and printing areas repel the water better.<\/p>\n\n\n\n<hr class=\"wp-block-separator has-alpha-channel-opacity\"\/>\n\n\n\n<h2 class=\"wp-block-heading\">Technical procedure<\/h2>\n\n\n\n<p>The best-known lithographic techniques are chalk, pen and brush drawing, wash, spray technique, mezzotint technique, squeeze-out technique, transfer printing (autography), detachment technique.<\/p>\n\n\n\n<h3 class=\"wp-block-heading\">1. Grinding and preparation of the stones<\/h3>\n\n\n\n<p>The process of sanding is intended to make the stone even, remove the old pattern optically and chemically and prepare it for a new pattern. Corundum sand in grain sizes 80 (coarse), 120-180 (medium) and 240 (fine) is used as the abrasive. We use 15% acetic acid on the dry stone for deacidification (removing the chemical structure of the old drawing\/grease particles) between the 1st and 2nd coarse sanding, after which the stone must be rinsed well again. We check the evenness of the stone with a steel ruler and round the edges with a fine file. This is followed by medium sanding, rinsing, fine sanding and rinsing the stone again.<\/p>\n\n\n\n<p>To produce a chalk drawing, the stone must be grained. For this we use corundum (medium) and a little less water than for grinding. For a transfer the stone should be matted (fine grain\/more water) or pumiced (pumice stone), for a pen drawing it should be matted or polished (sanding with 240 or finer sand or polishing stone) and for an engraving it should be polished. This last step should take place shortly before marking, as the stone must be \u00bbfresh\u00ab \u2013 otherwise it will be less receptive to grease due to the effects of oxygen.<\/p>\n\n\n\n<h3 class=\"wp-block-heading\">2. Drawing<\/h3>\n\n\n\n<p>On the neutral stone you can:<\/p>\n\n\n\n<figure class=\"wp-block-image size-large\"><img loading=\"lazy\" decoding=\"async\" width=\"2560\" height=\"2560\" src=\"https:\/\/druckgraphik-atelier.de\/wp-content\/uploads\/2025\/02\/IMG_20220427_1619262-edited-scaled.jpg\" alt=\"Lithography stone drawn with chalk and ink\" class=\"wp-image-3304\" srcset=\"https:\/\/druckgraphik-atelier.de\/wp-content\/uploads\/2025\/02\/IMG_20220427_1619262-edited-scaled.jpg 2560w, https:\/\/druckgraphik-atelier.de\/wp-content\/uploads\/2025\/02\/IMG_20220427_1619262-edited-300x300.jpg 300w, https:\/\/druckgraphik-atelier.de\/wp-content\/uploads\/2025\/02\/IMG_20220427_1619262-edited-1024x1024.jpg 1024w, https:\/\/druckgraphik-atelier.de\/wp-content\/uploads\/2025\/02\/IMG_20220427_1619262-edited-150x150.jpg 150w, https:\/\/druckgraphik-atelier.de\/wp-content\/uploads\/2025\/02\/IMG_20220427_1619262-edited-768x768.jpg 768w, https:\/\/druckgraphik-atelier.de\/wp-content\/uploads\/2025\/02\/IMG_20220427_1619262-edited-1536x1536.jpg 1536w, https:\/\/druckgraphik-atelier.de\/wp-content\/uploads\/2025\/02\/IMG_20220427_1619262-edited-2048x2048.jpg 2048w\" sizes=\"auto, (max-width: 2560px) 100vw, 2560px\" \/><figcaption class=\"wp-element-caption\">Stone drawn with chalk and ink<\/figcaption><\/figure>\n\n\n\n<ul class=\"wp-block-list\">\n<li>draw with lithographic chalk and\/or<\/li>\n\n\n\n<li>work with lithographic ink: pen and brush drawing, wash technique, spray technique<\/li>\n<\/ul>\n\n\n\n<h3 class=\"wp-block-heading\">3. Preparation \u2013\u00a0Etching<\/h3>\n\n\n\n<p>The stone can be etched in different ways depending on the motif and type of drawing:<\/p>\n\n\n\n<ol class=\"wp-block-list\">\n<li>With gum arabic dissolved in water, smooth for approx. 3 to 24 hours and polish with cheesecloth.<\/li>\n\n\n\n<li>With light etching gum (0.625 to 2.5 % nitric acid) for approx. 30 to 180 seconds.<\/li>\n\n\n\n<li>With strong etching rubber (2.5 to 5 % nitric acid) for approx. 30 to 180 seconds.<\/li>\n\n\n\n<li>On the dry stone.<\/li>\n\n\n\n<li>On the stone moistened with fresh gum arabic.<\/li>\n<\/ol>\n\n\n\n<figure class=\"wp-block-image size-large\"><img loading=\"lazy\" decoding=\"async\" width=\"1024\" height=\"684\" src=\"https:\/\/druckgraphik-atelier.de\/wp-content\/uploads\/2023\/09\/240920_litho-schnupper-NL-4-1024x684.jpg\" alt=\"Drawn stone with wet gum arabic\" class=\"wp-image-2669\" srcset=\"https:\/\/druckgraphik-atelier.de\/wp-content\/uploads\/2023\/09\/240920_litho-schnupper-NL-4-1024x684.jpg 1024w, https:\/\/druckgraphik-atelier.de\/wp-content\/uploads\/2023\/09\/240920_litho-schnupper-NL-4-300x200.jpg 300w, https:\/\/druckgraphik-atelier.de\/wp-content\/uploads\/2023\/09\/240920_litho-schnupper-NL-4-768x513.jpg 768w, https:\/\/druckgraphik-atelier.de\/wp-content\/uploads\/2023\/09\/240920_litho-schnupper-NL-4.jpg 1080w\" sizes=\"auto, (max-width: 1024px) 100vw, 1024px\" \/><figcaption class=\"wp-element-caption\">Drawn stone with wet gum arabic<\/figcaption><\/figure>\n\n\n\n<p>After each etching process, the gum arabic and\/or etching gum should be washed off, the stone dried, the drawing talcum-coated and then its surface polished with a little bit of gum arabic.<\/p>\n\n\n\n<p>The etching rubber can be applied by hand or with a sponge, linen cloth or brush.<\/p>\n\n\n\n<p>The first etching is made on the stone drawn with ink or chalk. Before the second etching, the ink and chalk must be removed and replaced with pen ink, which is significantly more acid-resistant. To do this, the gummed stone is first rubbed with turpentine balsam oil and then with elutriation tincture. These two liquids only work on the drawn areas, as the exposed areas remain covered with gum arabic (gum arabic is only soluble in water).<\/p>\n\n\n\n<p>Let the stone dry, then rinse thoroughly with a sponge and clean water. Roll the feather ink onto the damp surface (not wet! No water beads should be visible) until the pattern no longer looks brownish but black. Let the stone dry again, dab with talc, and then polish with gum arabic.<\/p>\n\n\n\n<p>Lightly loosen the surface with a little water and\/or gum arabic, and begin the second etching. The stone is then thoroughly rinsed and can either be kept moist and printed, or allowed to dry, polished with gum arabic, and stored.<\/p>\n\n\n\n<h3 class=\"wp-block-heading\">4. Preparation of the printing press<\/h3>\n\n\n\n<p>Um einen erfolgreichen Druckdurchlauf ohne gebrochene Steine bzw. \u00bbgefaltetes\u00ab oder \u00bbschiefes\u00ab Druckpapier zu erreichen, wird der Stein mit H\u00f6lzern auf dem Druckwagen \u00bbarretiert\u00ab, die Druckpapieranlage eingerichtet, der Reiber entsprechend Steingr\u00f6\u00dfe eingebaut und in Druckstellung auf H\u00f6he voreingestellt und gefettet. Auch der Pressspan\/die \u00bbReiberpappe\u00ab mu\u00df gefettet werden. Nun beginnt das Einf\u00e4rben des feuchten Steins (siehe Drucken). Da das Druckbild bei diesem Vorgang (ca. 3 \u00d7 Einwalzen) noch nicht die f\u00fcr die Auflage optimale Farbf\u00fchrung hat und die Einstellung der Maschine ein wenig Zeit ben\u00f6tigt, wird f\u00fcr den Andruck entsprechendes Papier verwendet. Dieses auf den Stein, dar\u00fcber die Zwischenlage und die Reiberpappe auflegen. Den Druckwagen vorfahren bis der Reiber sich knapp auf\/\u00fcber dem Stein befindet \u2013 diesen \u00bbDruckbeginn\u00ab markieren. Den Reiber mittels \u00bbBengel\u00ab senken und heben \u2013 dabei die Druckkraft (ca. 350\u2013400 bar 35.000.000 Pascal) per Handrad nach Erfahrung und mit Gef\u00fchl einstellen. Nun den Wagen bei Reiber-in-Druckstellung z\u00fcgig weiterbewegen bis sich der Reiber noch knapp auf\/\u00fcber dem Stein befindet, Reiber heben und dieses \u00bbDruckende\u00ab markieren.<br>To ensure a successful print run without broken blocks or folded or crooked printing paper, the block is secured to the printing carriage with wooden blocks, the printing paper feed is set up, the rubbing device is installed according to the block size, pre-adjusted to the printing height, and greased. The pressboard\/rubbing board must also be greased. Now, the inking of the wet block begins (see Printing). Since the printed image does not yet have the optimal ink flow for the print run during this process (approximately 3 roller passes), and setting up the press requires some time, appropriate paper is used for the proof. Place this paper on the block, then the interleaf and rubbing board over it. Move the printing carriage forward until the rubbing device is just on\/above the block \u2013 mark this \u00bbstart of printing\u00ab. Lower and raise the rasp using the lever, adjusting the pressure (approx. 350\u2013400 bar, 35,000,000 Pascal) using the handwheel based on experience and feel. Now, with the rasp in the pressure position, continue to move the carriage quickly until the rasp is just above\/on the stone. Raise the rasp and mark this \u00bbend of pressure\u00ab.<\/p>\n\n\n\n<figure class=\"wp-block-image size-large\"><img loading=\"lazy\" decoding=\"async\" width=\"1024\" height=\"684\" src=\"https:\/\/druckgraphik-atelier.de\/wp-content\/uploads\/2023\/09\/240920_litho-schnupper-NL-9-1024x684.jpg\" alt=\"Printed lithography series in dark red\" class=\"wp-image-2675\" srcset=\"https:\/\/druckgraphik-atelier.de\/wp-content\/uploads\/2023\/09\/240920_litho-schnupper-NL-9-1024x684.jpg 1024w, https:\/\/druckgraphik-atelier.de\/wp-content\/uploads\/2023\/09\/240920_litho-schnupper-NL-9-300x200.jpg 300w, https:\/\/druckgraphik-atelier.de\/wp-content\/uploads\/2023\/09\/240920_litho-schnupper-NL-9-768x513.jpg 768w, https:\/\/druckgraphik-atelier.de\/wp-content\/uploads\/2023\/09\/240920_litho-schnupper-NL-9.jpg 1080w\" sizes=\"auto, (max-width: 1024px) 100vw, 1024px\" \/><figcaption class=\"wp-element-caption\">Printed lithography series in dark red<\/figcaption><\/figure>\n\n\n\n<p>CAUTION: Never release the crank while the friction device is at the \u00bbstart\u00ab or \u00bbend\u00ab of pressure!<\/p>\n\n\n\n<p>Now carefully peel off the printed paper with both hands, moistening the stone with the \u00bbthird\u00ab hand. If this proof shows no serious defects, three to five proofs are usually necessary to achieve the desired color intensity. After that, you can begin printing on the original paper.<\/p>\n\n\n\n<h3 class=\"wp-block-heading\">5. Printing<\/h3>\n\n\n\n<p>Moisten the stone with water using a sponge. Moisten the back of the paper with the sponge provided, first moisten the back, then the printing side. Now moisten the stone again with a sponge, ensuring that the surface moisture remains minimal (no water droplets). Ink the stone with a hand roller and moisten again. If necessary, clean the stone surface of any ink from areas not to be printed, then moisten. Repeat the process until the image has the required amount of ink for printing. Place the moistened, surface-dry paper, interleaf, and printing rubbing board on top. Move the carriage under the rubbing device until printing begins, press down the rubbing device using the hand lever, continue moving the carriage until printing ends, raise the rubbing device, return the carriage to its original position, and remove the rubbing board\/interleaf. Now carefully peel off the printed paper with both hands, moistening the stone with your \u00bbthird\u00ab hand, and then place the printed paper on\/in the cardboard dryer. Here it can now be tested and evaluated for quality and should dry for about 3-4 days between the moisture-absorbing cardboard.<\/p>\n\n\n\n<figure class=\"wp-block-image size-large\"><img loading=\"lazy\" decoding=\"async\" width=\"1024\" height=\"768\" src=\"https:\/\/druckgraphik-atelier.de\/wp-content\/uploads\/2025\/02\/Litho_Bilder_001-1024x768.jpg\" alt=\"Stone is colored red\" class=\"wp-image-3302\" srcset=\"https:\/\/druckgraphik-atelier.de\/wp-content\/uploads\/2025\/02\/Litho_Bilder_001-1024x768.jpg 1024w, https:\/\/druckgraphik-atelier.de\/wp-content\/uploads\/2025\/02\/Litho_Bilder_001-300x225.jpg 300w, https:\/\/druckgraphik-atelier.de\/wp-content\/uploads\/2025\/02\/Litho_Bilder_001-768x576.jpg 768w, https:\/\/druckgraphik-atelier.de\/wp-content\/uploads\/2025\/02\/Litho_Bilder_001.jpg 1200w\" sizes=\"auto, (max-width: 1024px) 100vw, 1024px\" \/><figcaption class=\"wp-element-caption\">Stone is colored red<\/figcaption><\/figure>\n\n\n\n<h3 class=\"wp-block-heading\">6. Correction options<\/h3>\n\n\n\n<p>If necessary, roll the stone, dry it, talc it, and correct it by scraping it away (+ 5% etching) or briefly remove the separating layer with vinegar (5%) (approx. 1 minute). Then rinse and dry again. The pattern can now be added to or corrected by scraping it away (+ 5% etching). The preparation process now follows.<\/p>\n\n\n\n<h3 class=\"wp-block-heading\">7. Erasing the \u00bbdrawing\u00ab on the stones<\/h3>\n\n\n\n<p>The residual printing ink is best removed immediately after printing. It is then washed\/rubbed off the wet stone with turpentine balsam oil. Keep it wet and rinse with water! The following grinding process (two stones with the drawing sides facing each other) is intended to make the stones flat again, visually and chemically remove the old drawing, and prepare them for a new drawing. Corundum sand with a grain size of 80 (coarse) is used as the abrasive. To deacidify (removing the chemical structure of the old drawing\/grease particles) between the first and second coarse blotting grinds, we use 15% acetic acid on the dry stone. Afterwards, the stone must be thoroughly rinsed again! We check the flatness of the stone with a steel ruler and round the edges with a fine file. If the stone surface is concave or convex due to incorrect grinding or excessive etching, the raised areas must be removed\/leveled with a \u00bbcorrective\u00ab or \u00bbstraight grinding\u00ab. Now they are marked and placed on the stone shelf, where they \u00bbwait\u00ab for their next use.<\/p>\n\n\n\n<hr class=\"wp-block-separator has-alpha-channel-opacity\"\/>\n\n\n\n<h2 class=\"wp-block-heading\">History<\/h2>\n\n\n\n<p>Developed in 1798 by Alois Senefelder \u2013 he called it \u00bbchemical printing\u00ab \u2013 lithography achieved great importance in reproduction. Senefelder originally sought a cheap technique for producing theater posters, preferably in multiple colors. After extensive research, he developed the lithographic technique as well as the first hand and friction presses. Known as the granddaughter of the modern offset printing process, it was used industrially until around 1920. In offset printing, stones are replaced by aluminum plates and cylinders, which increases speed and accuracy.<\/p>\n\n\n\n<p>Goya, Daumier, Matisse, Picasso, Mir\u00f3, Chagall, T\u00e0pies und Rauschenberg, um nur einige zu nennen, schufen mit der Lithographie hervorragende Werke. Und jeder kennt die mehrfarbigen Plakate von Henri Toulouse-Lautrec. Heutzutage best\u00e4tigen alle Lithographen ihren Reiz und ihre Lebendigkeit. S\u00e4mtliche Lithographiesteine, die weltweit heute zum Einsatz kommen, stammen aus Solnhofen in Niederbayern. Aus dem Kalkschieferplatten in der Region werden Steine mit spezieller Dichte und Reinheit gewonnen. Diese bildeten sich vor ca. 60\u2013150 Millionen Jahren aus Ablagerungen von unz\u00e4hligen kleinsten Einzellern mit Einschl\u00fcssen von Fossilien im \u00bbUrmeer\u00ab.<br>Goya, Daumier, Matisse, Picasso, Mir\u00f3, Chagall, T\u00e0pies, and Rauschenberg, to name just a few, created outstanding works with lithography. And everyone knows the multicolored posters of Henri Toulouse-Lautrec. Today, all lithographers acknowledge its appeal and vibrancy. All lithographic stones used worldwide today come from Solnhofen in Lower Bavaria. Stones of particular density and purity are mined from the region&#8217;s limestone slate. These stones formed approximately 60\u2013150 million years ago from deposits of countless tiny single-celled organisms with fossil inclusions in the \u00bbprimordial ocean\u00ab.<\/p>\n\n\n\n<hr class=\"wp-block-separator has-alpha-channel-opacity\"\/>\n\n\n\n<h2 class=\"wp-block-heading\">Signing of prints<\/h2>\n\n\n\n<p>according to the \u00bbrules\u00ab by Lothar Lang, Der Graphiksammler, Berlin 1979<\/p>\n\n\n\n<p>On the left side under the print, prints before the edition are marked with Roman numerals, possibly also as a proof = E.E., or as a proof for the artist (number = 10% of the edition size) = e.a.\/E.A. = \u00c9preuves d\u2019artiste = A.P., or outside the sale = h.c. = hors commerce; the edition, if the printing sequence is known, is marked as a fraction, with the serial number in the numerator and the edition number in the denominator. (Otherwise always 1\u2013number of print run).<\/p>\n\n\n\n<p>On the right is the signature and the date of creation, in the center a possible title and\/or cycle. Sometimes the technique is also noted here.<\/p>\n","protected":false},"excerpt":{"rendered":"<p>Lithography Planographic printing refers to artistic techniques such as lithography, algraphy, zincography (on aluminum or zinc plates), grano, collotype and offset printing. Printing and non-printing elements are at the same height: the principle of this printing process is based on the contrast between fat and water. Stones ranging in size from 13 \u00d7 16 cm [&hellip;]<\/p>\n","protected":false},"author":3,"featured_media":0,"parent":3144,"menu_order":0,"comment_status":"closed","ping_status":"closed","template":"templates\/page_featured.php","meta":{"footnotes":""},"class_list":["post-3450","page","type-page","status-publish","hentry"],"_links":{"self":[{"href":"https:\/\/druckgraphik-atelier.de\/en\/wp-json\/wp\/v2\/pages\/3450","targetHints":{"allow":["GET"]}}],"collection":[{"href":"https:\/\/druckgraphik-atelier.de\/en\/wp-json\/wp\/v2\/pages"}],"about":[{"href":"https:\/\/druckgraphik-atelier.de\/en\/wp-json\/wp\/v2\/types\/page"}],"author":[{"embeddable":true,"href":"https:\/\/druckgraphik-atelier.de\/en\/wp-json\/wp\/v2\/users\/3"}],"replies":[{"embeddable":true,"href":"https:\/\/druckgraphik-atelier.de\/en\/wp-json\/wp\/v2\/comments?post=3450"}],"version-history":[{"count":2,"href":"https:\/\/druckgraphik-atelier.de\/en\/wp-json\/wp\/v2\/pages\/3450\/revisions"}],"predecessor-version":[{"id":3452,"href":"https:\/\/druckgraphik-atelier.de\/en\/wp-json\/wp\/v2\/pages\/3450\/revisions\/3452"}],"up":[{"embeddable":true,"href":"https:\/\/druckgraphik-atelier.de\/en\/wp-json\/wp\/v2\/pages\/3144"}],"wp:attachment":[{"href":"https:\/\/druckgraphik-atelier.de\/en\/wp-json\/wp\/v2\/media?parent=3450"}],"curies":[{"name":"wp","href":"https:\/\/api.w.org\/{rel}","templated":true}]}}